{"id":1146,"date":"2023-08-03T19:45:20","date_gmt":"2023-08-03T19:45:20","guid":{"rendered":"https:\/\/www.credicreditos.com\/?page_id=1146"},"modified":"2023-08-03T19:46:27","modified_gmt":"2023-08-03T19:46:27","slug":"preguntas-frecuentes","status":"publish","type":"page","link":"https:\/\/www.credicreditos.com\/sitio\/preguntas-frecuentes\/","title":{"rendered":"Preguntas frecuentes"},"content":{"rendered":"<p><section class=\"kc-elm kc-css-763387 kc_row\"><div class=\"kc-row-container  kc-container\"><div class=\"kc-wrap-columns\"><div class=\"kc-elm kc-css-891954 kc_col-sm-12 kc_column kc_col-sm-12\"><div class=\"kc-col-container\"><div class=\"kc-elm kc-css-913690\" style=\"height: 99px; clear: both; width:100%;\"><\/div><\/div><\/div><\/div><\/div><\/section><section class=\"kc-elm kc-css-751675 kc_row\"><div class=\"kc-row-container  kc-container\"><div class=\"kc-wrap-columns\"><div class=\"kc-elm kc-css-335646 kc_col-sm-12 kc_column kc_col-sm-12\"><div class=\"kc-col-container\">\n<div class=\"kc-elm kc-css-176867 kc-title-wrap \">\n\n\t<h3 class=\"kc_title\">Preguntas frecuentes<\/h3>\n<\/div>\n<\/div><\/div><\/div><\/div><\/section><section class=\"kc-elm kc-css-384124 kc_row\"><div class=\"kc-row-container  kc-container\"><div class=\"kc-wrap-columns\"><div class=\"kc-elm kc-css-660225 kc_col-sm-12 kc_column kc_col-sm-12\"><div class=\"kc-col-container\"><div class=\"kc-elm kc-css-723892 kc_accordion_wrapper\">\n<div class=\"kc-elm kc-css-122027 kc_accordion_section group \"><h3 class=\"kc_accordion_header ui-accordion-header\"><span class=\"ui-accordion-header-icon ui-icon\"><\/span><a href=\"#que-requisitos-necesito-cumplir-para-solicitar-un-credito-en-credicreditos\" data-prevent=\"scroll\"><i class=\"\"><\/i> \u00bfQu\u00e9 requisitos necesito cumplir para solicitar un cr\u00e9dito en CrediCr\u00e9ditos?<\/a><\/h3><div class=\"kc_accordion_content ui-accordion-content kc_clearfix\"><div class=\"kc-panel-body\"><div class=\"kc-elm kc-css-567564 kc_box_wrap \"><div><div class=\"one-one\"><p>Los requisitos principales son ser empleado de las empresas afiliadas, tener un m\u00ednimo de 2 meses de antig\u00fcedad laboral y presentar documentos de identificaci\u00f3n y comprobantes de ingresos.<\/p><\/div><\/div><\/div><\/div><\/div><\/div><div class=\"kc-elm kc-css-579398 kc_accordion_section group \"><h3 class=\"kc_accordion_header ui-accordion-header\"><span class=\"ui-accordion-header-icon ui-icon\"><\/span><a href=\"#cuanto-tiempo-toma-el-proceso-de-aprobacion-de-un-credito\" data-prevent=\"scroll\"><i class=\"\"><\/i> \u00bfCu\u00e1nto tiempo toma el proceso de aprobaci\u00f3n de un cr\u00e9dito?<\/a><\/h3><div class=\"kc_accordion_content ui-accordion-content kc_clearfix\"><div class=\"kc-panel-body\"><div class=\"kc-elm kc-css-964826 kc_box_wrap \"><div><div class=\"one-one\"><p>Una vez presentada la solicitud completa, el proceso de aprobaci\u00f3n generalmente toma entre 48 y 72 horas h\u00e1biles. Nos esforzamos por ofrecer respuestas r\u00e1pidas y eficientes.<\/p><\/div><\/div><\/div><\/div><\/div><\/div><div class=\"kc-elm kc-css-890094 kc_accordion_section group \"><h3 class=\"kc_accordion_header ui-accordion-header\"><span class=\"ui-accordion-header-icon ui-icon\"><\/span><a href=\"#cuales-son-los-plazos-de-pago-para-los-creditos-en-credicreditos\" data-prevent=\"scroll\"><i class=\"\"><\/i> \u00bfCu\u00e1les son los plazos de pago para los cr\u00e9ditos en CrediCr\u00e9ditos?<\/a><\/h3><div class=\"kc_accordion_content ui-accordion-content kc_clearfix\"><div class=\"kc-panel-body\"><div class=\"kc-elm kc-css-104246 kc_box_wrap \"><div><div class=\"one-one\"><p>Los plazos de pago son flexibles y se adaptan a tus posibilidades. El m\u00e1ximo plazo para pagar un cr\u00e9dito es de 5 meses, lo que equivale a 10 quincenas.<\/p><\/div><\/div><\/div><\/div><\/div><\/div><div class=\"kc-elm kc-css-182164 kc_accordion_section group \"><h3 class=\"kc_accordion_header ui-accordion-header\"><span class=\"ui-accordion-header-icon ui-icon\"><\/span><a href=\"#cual-es-la-tasa-de-interes-que-aplican-en-los-creditos\" data-prevent=\"scroll\"><i class=\"\"><\/i> \u00bfCu\u00e1l es la tasa de inter\u00e9s que aplican en los cr\u00e9ditos?<\/a><\/h3><div class=\"kc_accordion_content ui-accordion-content kc_clearfix\"><div class=\"kc-panel-body\"><div class=\"kc-elm kc-css-789007 kc_box_wrap \"><div><div class=\"one-one\"><p>&nbsp;La tasa de inter\u00e9s es competitiva y var\u00eda seg\u00fan el tipo de cr\u00e9dito y la duraci\u00f3n del plazo. Nos comprometemos a ofrecerte una tasa justa y transparente.<\/p><\/div><\/div><\/div><\/div><\/div><\/div><div class=\"kc-elm kc-css-560607 kc_accordion_section group \"><h3 class=\"kc_accordion_header ui-accordion-header\"><span class=\"ui-accordion-header-icon ui-icon\"><\/span><a href=\"#es-necesario-contar-con-un-codeudor-para-solicitar-un-credito-en-credicreditos\" data-prevent=\"scroll\"><i class=\"\"><\/i> \u00bfEs necesario contar con un codeudor para solicitar un cr\u00e9dito en CrediCr\u00e9ditos?<\/a><\/h3><div class=\"kc_accordion_content ui-accordion-content kc_clearfix\"><div class=\"kc-panel-body\"><div class=\"kc-elm kc-css-960085 kc_box_wrap \"><div><div class=\"one-one\"><p>No, en CrediCr\u00e9ditos no requerimos codeudor. Nuestro objetivo es brindarte un acceso f\u00e1cil y r\u00e1pido a los cr\u00e9ditos sin la necesidad de contar con un codeudor.<\/p><\/div><\/div><\/div><\/div><\/div><\/div><div class=\"kc-elm kc-css-286868 kc_accordion_section group \"><h3 class=\"kc_accordion_header ui-accordion-header\"><span class=\"ui-accordion-header-icon ui-icon\"><\/span><a href=\"#cuales-son-los-beneficios-adicionales-que-ofrece-credicreditos\" data-prevent=\"scroll\"><i class=\"\"><\/i> \u00bfCu\u00e1les son los beneficios adicionales que ofrece CrediCr\u00e9ditos?<\/a><\/h3><div class=\"kc_accordion_content ui-accordion-content kc_clearfix\"><div class=\"kc-panel-body\"><div class=\"kc-elm kc-css-968131 kc_box_wrap \"><div><div class=\"one-one\"><p>Adem\u00e1s de los cr\u00e9ditos, ofrecemos descuentos de n\u00f3mina autom\u00e1ticos, servicio de anticipo de n\u00f3mina y asesoramiento personalizado para ayudarte a alcanzar tus metas financieras.<\/p><\/div><\/div><\/div><\/div><\/div><\/div><div class=\"kc-elm kc-css-612898 kc_accordion_section group \"><h3 class=\"kc_accordion_header ui-accordion-header\"><span class=\"ui-accordion-header-icon ui-icon\"><\/span><a href=\"#cual-es-el-monto-maximo-de-los-creditos-que-puedo-solicitar\" data-prevent=\"scroll\"><i class=\"\"><\/i> \u00bfCu\u00e1l es el monto m\u00e1ximo de los cr\u00e9ditos que puedo solicitar?<\/a><\/h3><div class=\"kc_accordion_content ui-accordion-content kc_clearfix\"><div class=\"kc-panel-body\"><div class=\"kc-elm kc-css-772373 kc_box_wrap \"><div><div class=\"one-one\"><p>Depender\u00e1 de tu capacidad de pago y endeudamiento, al momento de firmar la solicitud de pr\u00e9stamo nos autorizas para consultar tu informaci\u00f3n laboral ante tu empleador; de esta forma podremos validar y te confirmaremos el monto m\u00e1ximo que te prestaremos.<\/p><\/div><\/div><\/div><\/div><\/div><\/div><div class=\"kc-elm kc-css-170892 kc_accordion_section group \"><h3 class=\"kc_accordion_header ui-accordion-header\"><span class=\"ui-accordion-header-icon ui-icon\"><\/span><a href=\"#como-puedo-realizar-el-seguimiento-de-mi-solicitud-de-credito\" data-prevent=\"scroll\"><i class=\"\"><\/i> \u00bfC\u00f3mo puedo realizar el seguimiento de mi solicitud de cr\u00e9dito?<\/a><\/h3><div class=\"kc_accordion_content ui-accordion-content kc_clearfix\"><div class=\"kc-panel-body\"><div class=\"kc-elm kc-css-891284 kc_box_wrap \"><div><div class=\"one-one\"><p>Nos puedes escribir en cualquier momento, tambi\u00e9n te enviaremos mensajes con la informaci\u00f3n del correo credicreditos@serviciosyasesorias.com un mensaje confirm\u00e1ndote cuando tu solicitud sea aprobada.<\/p><\/div><\/div><\/div><\/div><\/div><\/div><div class=\"kc-elm kc-css-763983 kc_accordion_section group \"><h3 class=\"kc_accordion_header ui-accordion-header\"><span class=\"ui-accordion-header-icon ui-icon\"><\/span><a href=\"#puedo-solicitar-un-credito-si-tengo-historial-crediticio-negativo\" data-prevent=\"scroll\"><i class=\"\"><\/i> \u00bfPuedo solicitar un cr\u00e9dito si tengo historial crediticio negativo?<\/a><\/h3><div class=\"kc_accordion_content ui-accordion-content kc_clearfix\"><div class=\"kc-panel-body\"><div class=\"kc-elm kc-css-69393 kc_box_wrap \"><div><div class=\"one-one\"><p>No consultamos centrales de riesgo, por lo que no importa si est\u00e1s reportado. En CrediCr\u00e9ditos valoramos tu confianza y te brindamos oportunidades para obtener cr\u00e9ditos<\/p><\/div><\/div><\/div><\/div><\/div><\/div><div class=\"kc-elm kc-css-853976 kc_accordion_section group \"><h3 class=\"kc_accordion_header ui-accordion-header\"><span class=\"ui-accordion-header-icon ui-icon\"><\/span><a href=\"#que-debo-hacer-si-no-puedo-pagar-una-cuota-a-tiempo\" data-prevent=\"scroll\"><i class=\"\"><\/i> \u00bfQu\u00e9 debo hacer si no puedo pagar una cuota a tiempo?<\/a><\/h3><div class=\"kc_accordion_content ui-accordion-content kc_clearfix\"><div class=\"kc-panel-body\"><div class=\"kc-elm kc-css-668152 kc_box_wrap \"><div><div class=\"one-one\"><p>No te preocupes, tus descuentos se aplican directamente de tu n\u00f3mina.<\/p><\/div><\/div><\/div><\/div><\/div><\/div><div class=\"kc-elm kc-css-654356 kc_accordion_section group \"><h3 class=\"kc_accordion_header ui-accordion-header\"><span class=\"ui-accordion-header-icon ui-icon\"><\/span><a href=\"#cuales-son-las-opciones-de-pago-disponibles\" data-prevent=\"scroll\"><i class=\"\"><\/i> \u00bfCu\u00e1les son las opciones de pago disponibles?<\/a><\/h3><div class=\"kc_accordion_content ui-accordion-content kc_clearfix\"><div class=\"kc-panel-body\"><div class=\"kc-elm kc-css-790867 kc_box_wrap \"><div><div class=\"one-one\"><p>Solo descuento de n\u00f3mina, podr\u00e1s realizar abonos extraordinarios en cualquier momento que se aplicar\u00e1n al capital de la deuda. Estos abonos los puedes hacer mediante consignaci\u00f3n bancaria a la cuenta de CrediCr\u00e9ditos.<\/p><\/div><\/div><\/div><\/div><\/div><\/div><\/div>\n<\/div><\/div><\/div><\/div><\/section><\/p>\n","protected":false},"excerpt":{"rendered":"","protected":false},"author":1,"featured_media":0,"parent":0,"menu_order":0,"comment_status":"closed","ping_status":"closed","template":"","meta":[],"_links":{"self":[{"href":"https:\/\/www.credicreditos.com\/sitio\/wp-json\/wp\/v2\/pages\/1146"}],"collection":[{"href":"https:\/\/www.credicreditos.com\/sitio\/wp-json\/wp\/v2\/pages"}],"about":[{"href":"https:\/\/www.credicreditos.com\/sitio\/wp-json\/wp\/v2\/types\/page"}],"author":[{"embeddable":true,"href":"https:\/\/www.credicreditos.com\/sitio\/wp-json\/wp\/v2\/users\/1"}],"replies":[{"embeddable":true,"href":"https:\/\/www.credicreditos.com\/sitio\/wp-json\/wp\/v2\/comments?post=1146"}],"version-history":[{"count":3,"href":"https:\/\/www.credicreditos.com\/sitio\/wp-json\/wp\/v2\/pages\/1146\/revisions"}],"predecessor-version":[{"id":1149,"href":"https:\/\/www.credicreditos.com\/sitio\/wp-json\/wp\/v2\/pages\/1146\/revisions\/1149"}],"wp:attachment":[{"href":"https:\/\/www.credicreditos.com\/sitio\/wp-json\/wp\/v2\/media?parent=1146"}],"curies":[{"name":"wp","href":"https:\/\/api.w.org\/{rel}","templated":true}]}}