{"id":1150,"date":"2023-08-03T19:54:35","date_gmt":"2023-08-03T19:54:35","guid":{"rendered":"https:\/\/www.credicreditos.com\/?page_id=1150"},"modified":"2023-08-28T14:43:23","modified_gmt":"2023-08-28T14:43:23","slug":"nosotros","status":"publish","type":"page","link":"https:\/\/www.credicreditos.com\/sitio\/nosotros\/","title":{"rendered":"Nosotros"},"content":{"rendered":"<p><section class=\"kc-elm kc-css-45425 kc_row\"><div class=\"kc-row-container  kc-container\"><div class=\"kc-wrap-columns\"><div class=\"kc-elm kc-css-404617 kc_col-sm-12 kc_column kc_col-sm-12\"><div class=\"kc-col-container\"><div class=\"kc-elm kc-css-613219 kc_box_wrap \"><div><div class=\"one-one\"><h3><strong>Nosotros<\/strong><\/h3>\nHace 3 a\u00f1os, naci\u00f3 CrediCr\u00e9ditos con el objetivo de brindar servicios financieros a todos los trabajadores de nuestra organizaci\u00f3n. Surgimos como una alternativa para aquellos que buscaban pr\u00e9stamos sin la exigencia de ahorrar previamente en un fondo de empleados. Desde entonces, nos hemos comprometido a proporcionar cr\u00e9ditos accesibles y flexibles, sin la necesidad de requisitos complicados. Hoy en d\u00eda, nos enorgullece apoyar a nuestros clientes en el logro de sus metas financieras, ofreciendo soluciones r\u00e1pidas y confiables. \u00a1Seguimos creciendo junto a nuestros trabajadores y valoramos su confianza en nosotros!<\/div><\/div><\/div><\/div><\/div><\/div><\/div><\/section><section class=\"kc-elm kc-css-74143 kc_row\"><div class=\"kc-row-container  kc-container\"><div class=\"kc-wrap-columns\"><div class=\"kc-elm kc-css-88317 kc_col-sm-12 kc_column kc_col-sm-12\"><div class=\"kc-col-container\"><div class=\"kc-elm kc-css-783727\" style=\"height: 20px; clear: both; width:100%;\"><\/div><\/div><\/div><\/div><\/div><\/section><section class=\"kc-elm kc-css-915363 kc_row\"><div class=\"kc-row-container  kc-container\"><div class=\"kc-wrap-columns\"><div class=\"kc-elm kc-css-401730 kc_col-sm-12 kc_column kc_col-sm-12\"><div class=\"kc-col-container\"><div class=\"kc-elm kc-css-898479 kc_text_block\"><\/p>\n<h3><strong>Valores<\/strong><\/h3>\n<p>En CrediCr\u00e9ditos, nos regimos por una serie de valores corporativos fundamentales que gu\u00edan nuestra forma de trabajar y relacionarnos con nuestros clientes. Estos valores son:<\/p>\n<p><strong><em>Confianza:<\/em><\/strong>\u00a0Construimos relaciones s\u00f3lidas basadas en la confianza mutua con nuestros clientes, ofreciendo transparencia y cumpliendo nuestras promesas.<\/p>\n<p><strong><em>Responsabilidad:<\/em><\/strong>\u00a0Nos comprometemos a ser responsables en cada paso del proceso, tanto en la evaluaci\u00f3n de cr\u00e9ditos como en el manejo de los recursos financieros de nuestros clientes.<\/p>\n<p><strong><em>Excelencia:<\/em><\/strong>\u00a0Buscamos la excelencia en todo lo que hacemos, brindando un servicio de calidad, \u00e1gil y eficiente que supere las expectativas de nuestros clientes.<\/p>\n<p><strong><em>Integridad:<\/em><\/strong>\u00a0Actuamos con honestidad, \u00e9tica y profesionalismo en todas nuestras interacciones, manteniendo la confidencialidad y el respeto hacia nuestros clientes.<\/p>\n<p><strong><em>Empat\u00eda:<\/em><\/strong>\u00a0Comprendemos las necesidades y preocupaciones de nuestros clientes, brindando un trato amable y cercano, y ofreciendo soluciones personalizadas que se ajusten a sus circunstancias.<\/p>\n<p><strong><em>Innovaci\u00f3n:<\/em><\/strong>\u00a0Nos mantenemos a la vanguardia, buscando constantemente nuevas formas de mejorar nuestros servicios y adaptarnos a las necesidades cambiantes de nuestros clientes.<\/p>\n<p><strong><em>Orientaci\u00f3n al cliente:<\/em><\/strong>\u00a0Colocamos las necesidades y metas financieras de nuestros clientes en el centro de todo lo que hacemos, brindando soluciones adaptadas a sus necesidades individuales.<\/p>\n<p>Estos valores nos definen como empresa y nos gu\u00edan en la b\u00fasqueda constante de la satisfacci\u00f3n y el \u00e9xito financiero de nuestros clientes.<\/p>\n<p>\n<\/div><\/div><\/div><\/div><\/div><\/section><\/p>\n","protected":false},"excerpt":{"rendered":"","protected":false},"author":1,"featured_media":0,"parent":0,"menu_order":0,"comment_status":"closed","ping_status":"closed","template":"","meta":[],"_links":{"self":[{"href":"https:\/\/www.credicreditos.com\/sitio\/wp-json\/wp\/v2\/pages\/1150"}],"collection":[{"href":"https:\/\/www.credicreditos.com\/sitio\/wp-json\/wp\/v2\/pages"}],"about":[{"href":"https:\/\/www.credicreditos.com\/sitio\/wp-json\/wp\/v2\/types\/page"}],"author":[{"embeddable":true,"href":"https:\/\/www.credicreditos.com\/sitio\/wp-json\/wp\/v2\/users\/1"}],"replies":[{"embeddable":true,"href":"https:\/\/www.credicreditos.com\/sitio\/wp-json\/wp\/v2\/comments?post=1150"}],"version-history":[{"count":7,"href":"https:\/\/www.credicreditos.com\/sitio\/wp-json\/wp\/v2\/pages\/1150\/revisions"}],"predecessor-version":[{"id":1398,"href":"https:\/\/www.credicreditos.com\/sitio\/wp-json\/wp\/v2\/pages\/1150\/revisions\/1398"}],"wp:attachment":[{"href":"https:\/\/www.credicreditos.com\/sitio\/wp-json\/wp\/v2\/media?parent=1150"}],"curies":[{"name":"wp","href":"https:\/\/api.w.org\/{rel}","templated":true}]}}